{"id":1558,"date":"2022-12-21T12:00:42","date_gmt":"2022-12-21T11:00:42","guid":{"rendered":"https:\/\/atelierruault.fr\/?page_id=1558"},"modified":"2025-04-16T16:31:22","modified_gmt":"2025-04-16T14:31:22","slug":"f360-embed","status":"publish","type":"page","link":"https:\/\/atelierruault.fr\/index.php\/f360-embed\/","title":{"rendered":""},"content":{"rendered":"\n<h3 class=\"wp-block-heading has-text-align-center\"><strong>Simplifiez la vente et la fabrication de vos projets en int\u00e9grant vos conceptions directement dans l&#8217;environnement de vos clients. Gr\u00e2ce \u00e0 notre viewer 3D, offrez une visualisation r\u00e9aliste et immersive pour des d\u00e9cisions \u00e9clair\u00e9es et des r\u00e9sultats pr\u00e9cis.<\/strong><\/h3>\n\n\n\n<center><iframe loading=\"lazy\" src=\"https:\/\/outlook52964.autodesk360.com\/shares\/public\/SH512d4QTec90decfa6e2d9ec2d94497410f?mode=embed\" width=\"600\" height=\"400\" allowfullscreen=\"true\" webkitallowfullscreen=\"true\" mozallowfullscreen=\"true\" frameborder=\"0\"><\/iframe><\/center>\n","protected":false},"excerpt":{"rendered":"<p>Simplifiez la vente et la fabrication de vos projets en int\u00e9grant vos conceptions directement dans l&#8217;environnement de vos clients. Gr\u00e2ce \u00e0 notre viewer 3D, offrez une visualisation r\u00e9aliste et immersive &#8230;<\/p>\n","protected":false},"author":1,"featured_media":0,"parent":0,"menu_order":0,"comment_status":"closed","ping_status":"closed","template":"template-fullwidth.php","meta":{"footnotes":""},"class_list":["post-1558","page","type-page","status-publish","hentry"],"yoast_head":"<!-- This site is optimized with the Yoast SEO plugin v19.14 - https:\/\/yoast.com\/wordpress\/plugins\/seo\/ -->\n<title>- Atelier Ruault<\/title>\n<meta name=\"robots\" content=\"noindex, nofollow\" \/>\n<meta property=\"og:locale\" content=\"fr_FR\" \/>\n<meta property=\"og:type\" content=\"article\" \/>\n<meta property=\"og:title\" content=\"- Atelier Ruault\" \/>\n<meta property=\"og:description\" content=\"Simplifiez la vente et la fabrication de vos projets en int\u00e9grant vos conceptions directement dans l&#8217;environnement de vos clients. Gr\u00e2ce \u00e0 notre viewer 3D, offrez une visualisation r\u00e9aliste et immersive ...\" \/>\n<meta property=\"og:url\" content=\"https:\/\/atelierruault.fr\/index.php\/f360-embed\/\" \/>\n<meta property=\"og:site_name\" content=\"Atelier Ruault\" \/>\n<meta property=\"article:modified_time\" content=\"2025-04-16T14:31:22+00:00\" \/>\n<meta name=\"twitter:card\" content=\"summary_large_image\" \/>\n<meta name=\"twitter:label1\" content=\"Dur\u00e9e de lecture estim\u00e9e\" \/>\n\t<meta name=\"twitter:data1\" content=\"1 minute\" \/>\n<script type=\"application\/ld+json\" class=\"yoast-schema-graph\">{\"@context\":\"https:\/\/schema.org\",\"@graph\":[{\"@type\":\"WebPage\",\"@id\":\"https:\/\/atelierruault.fr\/index.php\/f360-embed\/\",\"url\":\"https:\/\/atelierruault.fr\/index.php\/f360-embed\/\",\"name\":\"- Atelier Ruault\",\"isPartOf\":{\"@id\":\"https:\/\/atelierruault.fr\/#website\"},\"datePublished\":\"2022-12-21T11:00:42+00:00\",\"dateModified\":\"2025-04-16T14:31:22+00:00\",\"inLanguage\":\"fr-FR\",\"potentialAction\":[{\"@type\":\"ReadAction\",\"target\":[\"https:\/\/atelierruault.fr\/index.php\/f360-embed\/\"]}]},{\"@type\":\"WebSite\",\"@id\":\"https:\/\/atelierruault.fr\/#website\",\"url\":\"https:\/\/atelierruault.fr\/\",\"name\":\"Atelier Ruault\",\"description\":\"Atelier de menuiserie et bureau d&#039;\u00e9tude sp\u00e9cialis\u00e9 en menuiserie bois\",\"publisher\":{\"@id\":\"https:\/\/atelierruault.fr\/#organization\"},\"potentialAction\":[{\"@type\":\"SearchAction\",\"target\":{\"@type\":\"EntryPoint\",\"urlTemplate\":\"https:\/\/atelierruault.fr\/?s={search_term_string}\"},\"query-input\":\"required name=search_term_string\"}],\"inLanguage\":\"fr-FR\"},{\"@type\":\"Organization\",\"@id\":\"https:\/\/atelierruault.fr\/#organization\",\"name\":\"Atelier Ruault\",\"url\":\"https:\/\/atelierruault.fr\/\",\"logo\":{\"@type\":\"ImageObject\",\"inLanguage\":\"fr-FR\",\"@id\":\"https:\/\/atelierruault.fr\/#\/schema\/logo\/image\/\",\"url\":\"https:\/\/atelierruault.fr\/wp-content\/uploads\/2025\/04\/cropped-Logo2024-60x60-1.png\",\"contentUrl\":\"https:\/\/atelierruault.fr\/wp-content\/uploads\/2025\/04\/cropped-Logo2024-60x60-1.png\",\"width\":1285,\"height\":1285,\"caption\":\"Atelier Ruault\"},\"image\":{\"@id\":\"https:\/\/atelierruault.fr\/#\/schema\/logo\/image\/\"}}]}<\/script>\n<!-- \/ Yoast SEO plugin. -->","yoast_head_json":{"title":"- Atelier Ruault","robots":{"index":"noindex","follow":"nofollow"},"og_locale":"fr_FR","og_type":"article","og_title":"- Atelier Ruault","og_description":"Simplifiez la vente et la fabrication de vos projets en int\u00e9grant vos conceptions directement dans l&#8217;environnement de vos clients. Gr\u00e2ce \u00e0 notre viewer 3D, offrez une visualisation r\u00e9aliste et immersive ...","og_url":"https:\/\/atelierruault.fr\/index.php\/f360-embed\/","og_site_name":"Atelier Ruault","article_modified_time":"2025-04-16T14:31:22+00:00","twitter_card":"summary_large_image","twitter_misc":{"Dur\u00e9e de lecture estim\u00e9e":"1 minute"},"schema":{"@context":"https:\/\/schema.org","@graph":[{"@type":"WebPage","@id":"https:\/\/atelierruault.fr\/index.php\/f360-embed\/","url":"https:\/\/atelierruault.fr\/index.php\/f360-embed\/","name":"- Atelier Ruault","isPartOf":{"@id":"https:\/\/atelierruault.fr\/#website"},"datePublished":"2022-12-21T11:00:42+00:00","dateModified":"2025-04-16T14:31:22+00:00","inLanguage":"fr-FR","potentialAction":[{"@type":"ReadAction","target":["https:\/\/atelierruault.fr\/index.php\/f360-embed\/"]}]},{"@type":"WebSite","@id":"https:\/\/atelierruault.fr\/#website","url":"https:\/\/atelierruault.fr\/","name":"Atelier Ruault","description":"Atelier de menuiserie et bureau d&#039;\u00e9tude sp\u00e9cialis\u00e9 en menuiserie bois","publisher":{"@id":"https:\/\/atelierruault.fr\/#organization"},"potentialAction":[{"@type":"SearchAction","target":{"@type":"EntryPoint","urlTemplate":"https:\/\/atelierruault.fr\/?s={search_term_string}"},"query-input":"required name=search_term_string"}],"inLanguage":"fr-FR"},{"@type":"Organization","@id":"https:\/\/atelierruault.fr\/#organization","name":"Atelier Ruault","url":"https:\/\/atelierruault.fr\/","logo":{"@type":"ImageObject","inLanguage":"fr-FR","@id":"https:\/\/atelierruault.fr\/#\/schema\/logo\/image\/","url":"https:\/\/atelierruault.fr\/wp-content\/uploads\/2025\/04\/cropped-Logo2024-60x60-1.png","contentUrl":"https:\/\/atelierruault.fr\/wp-content\/uploads\/2025\/04\/cropped-Logo2024-60x60-1.png","width":1285,"height":1285,"caption":"Atelier Ruault"},"image":{"@id":"https:\/\/atelierruault.fr\/#\/schema\/logo\/image\/"}}]}},"_links":{"self":[{"href":"https:\/\/atelierruault.fr\/index.php\/wp-json\/wp\/v2\/pages\/1558","targetHints":{"allow":["GET"]}}],"collection":[{"href":"https:\/\/atelierruault.fr\/index.php\/wp-json\/wp\/v2\/pages"}],"about":[{"href":"https:\/\/atelierruault.fr\/index.php\/wp-json\/wp\/v2\/types\/page"}],"author":[{"embeddable":true,"href":"https:\/\/atelierruault.fr\/index.php\/wp-json\/wp\/v2\/users\/1"}],"replies":[{"embeddable":true,"href":"https:\/\/atelierruault.fr\/index.php\/wp-json\/wp\/v2\/comments?post=1558"}],"version-history":[{"count":33,"href":"https:\/\/atelierruault.fr\/index.php\/wp-json\/wp\/v2\/pages\/1558\/revisions"}],"predecessor-version":[{"id":1891,"href":"https:\/\/atelierruault.fr\/index.php\/wp-json\/wp\/v2\/pages\/1558\/revisions\/1891"}],"wp:attachment":[{"href":"https:\/\/atelierruault.fr\/index.php\/wp-json\/wp\/v2\/media?parent=1558"}],"curies":[{"name":"wp","href":"https:\/\/api.w.org\/{rel}","templated":true}]}}